{"id":15,"date":"2025-01-25T12:01:10","date_gmt":"2025-01-25T12:01:10","guid":{"rendered":"https:\/\/acuatherme.com\/mi-cuenta\/"},"modified":"2025-02-04T22:56:08","modified_gmt":"2025-02-04T22:56:08","slug":"mi-cuenta","status":"publish","type":"page","link":"https:\/\/acuatherme.com\/en\/mi-cuenta\/","title":{"rendered":"Mi cuenta"},"content":{"rendered":"<div data-elementor-type=\"wp-page\" data-elementor-id=\"15\" class=\"elementor elementor-15\" data-elementor-post-type=\"page\">\n\t\t\t\t<div class=\"elementor-element elementor-element-7b6a999 e-flex e-con-boxed e-con e-parent\" data-id=\"7b6a999\" data-element_type=\"container\">\n\t\t\t\t\t<div class=\"e-con-inner\">\n\t\t\t\t<div class=\"elementor-element elementor-element-80e9587 elementor-widget elementor-widget-heading\" data-id=\"80e9587\" data-element_type=\"widget\" data-widget_type=\"heading.default\">\n\t\t\t\t<div class=\"elementor-widget-container\">\n\t\t\t\t\t<h2 class=\"elementor-heading-title elementor-size-default\">Mi cuenta<\/h2>\t\t\t\t<\/div>\n\t\t\t\t<\/div>\n\t\t\t\t<div class=\"elementor-element elementor-element-0f95dfc e-my-account-tabs-vertical elementor-widget elementor-widget-woocommerce-my-account\" data-id=\"0f95dfc\" data-element_type=\"widget\" data-settings=\"{&quot;tables_button_hover_animation&quot;:&quot;grow&quot;}\" data-widget_type=\"woocommerce-my-account.default\">\n\t\t\t\t<div class=\"elementor-widget-container\">\n\t\t\t\t\t<div class=\"e-my-account-tab e-my-account-tab__\">\t\t\t<div class=\"woocommerce\"><\/div>\t\t<\/div>\n\t\t\t\t\t\t<\/div>\n\t\t\t\t<\/div>\n\t\t\t\t\t<\/div>\n\t\t\t\t<\/div>\n\t\t\t\t<\/div>","protected":false},"excerpt":{"rendered":"<p>Mi cuenta Dashboard Orders Downloads Addresses M\u00e9todos de pago Account Details Logout Hola admin (\u00bfno eres admin? Cerrar sesi\u00f3n) Desde el escritorio de tu cuenta puedes ver tus pedidos recientes, gestionar tus direcciones de env\u00edo y facturaci\u00f3n y editar tu contrase\u00f1a y los detalles de tu cuenta.<\/p>","protected":false},"author":1,"featured_media":0,"parent":0,"menu_order":0,"comment_status":"closed","ping_status":"closed","template":"","meta":{"footnotes":""},"class_list":["post-15","page","type-page","status-publish","hentry"],"yoast_head":"<!-- This site is optimized with the Yoast SEO plugin v24.4 - https:\/\/yoast.com\/wordpress\/plugins\/seo\/ -->\n<title>Mi cuenta - Acuatherme<\/title>\n<meta name=\"robots\" content=\"index, follow, max-snippet:-1, max-image-preview:large, max-video-preview:-1\" \/>\n<link rel=\"canonical\" href=\"https:\/\/acuatherme.com\/en\/mi-cuenta\/\" \/>\n<meta property=\"og:locale\" content=\"en_GB\" \/>\n<meta property=\"og:type\" content=\"article\" \/>\n<meta property=\"og:title\" content=\"Mi cuenta - Acuatherme\" \/>\n<meta property=\"og:description\" content=\"Mi cuenta Dashboard Orders Downloads Addresses M\u00e9todos de pago Account Details Logout Hola admin (\u00bfno eres admin? Cerrar sesi\u00f3n) Desde el escritorio de tu cuenta puedes ver tus pedidos recientes, gestionar tus direcciones de env\u00edo y facturaci\u00f3n y editar tu contrase\u00f1a y los detalles de tu cuenta.\" \/>\n<meta property=\"og:url\" content=\"https:\/\/acuatherme.com\/en\/mi-cuenta\/\" \/>\n<meta property=\"og:site_name\" content=\"Acuatherme\" \/>\n<meta property=\"article:modified_time\" content=\"2025-02-04T22:56:08+00:00\" \/>\n<meta name=\"twitter:card\" content=\"summary_large_image\" \/>\n<script type=\"application\/ld+json\" class=\"yoast-schema-graph\">{\"@context\":\"https:\/\/schema.org\",\"@graph\":[{\"@type\":\"WebPage\",\"@id\":\"https:\/\/acuatherme.com\/mi-cuenta\/\",\"url\":\"https:\/\/acuatherme.com\/mi-cuenta\/\",\"name\":\"Mi cuenta - Acuatherme\",\"isPartOf\":{\"@id\":\"https:\/\/acuatherme.com\/#website\"},\"datePublished\":\"2025-01-25T12:01:10+00:00\",\"dateModified\":\"2025-02-04T22:56:08+00:00\",\"breadcrumb\":{\"@id\":\"https:\/\/acuatherme.com\/mi-cuenta\/#breadcrumb\"},\"inLanguage\":\"en-GB\",\"potentialAction\":[{\"@type\":\"ReadAction\",\"target\":[\"https:\/\/acuatherme.com\/mi-cuenta\/\"]}]},{\"@type\":\"BreadcrumbList\",\"@id\":\"https:\/\/acuatherme.com\/mi-cuenta\/#breadcrumb\",\"itemListElement\":[{\"@type\":\"ListItem\",\"position\":1,\"name\":\"Portada\",\"item\":\"https:\/\/acuatherme.com\/\"},{\"@type\":\"ListItem\",\"position\":2,\"name\":\"Mi cuenta\"}]},{\"@type\":\"WebSite\",\"@id\":\"https:\/\/acuatherme.com\/#website\",\"url\":\"https:\/\/acuatherme.com\/\",\"name\":\"Acuatherme\",\"description\":\"Tu Bienestar, donde quieras, cuando quieras\",\"publisher\":{\"@id\":\"https:\/\/acuatherme.com\/#organization\"},\"potentialAction\":[{\"@type\":\"SearchAction\",\"target\":{\"@type\":\"EntryPoint\",\"urlTemplate\":\"https:\/\/acuatherme.com\/?s={search_term_string}\"},\"query-input\":{\"@type\":\"PropertyValueSpecification\",\"valueRequired\":true,\"valueName\":\"search_term_string\"}}],\"inLanguage\":\"en-GB\"},{\"@type\":\"Organization\",\"@id\":\"https:\/\/acuatherme.com\/#organization\",\"name\":\"Acuatherme\",\"url\":\"https:\/\/acuatherme.com\/\",\"logo\":{\"@type\":\"ImageObject\",\"inLanguage\":\"en-GB\",\"@id\":\"https:\/\/acuatherme.com\/#\/schema\/logo\/image\/\",\"url\":\"https:\/\/acuatherme.com\/wp-content\/uploads\/2025\/01\/Screenshot_2024-03-14_195113__1_-removebg-preview-2.png\",\"contentUrl\":\"https:\/\/acuatherme.com\/wp-content\/uploads\/2025\/01\/Screenshot_2024-03-14_195113__1_-removebg-preview-2.png\",\"width\":627,\"height\":124,\"caption\":\"Acuatherme\"},\"image\":{\"@id\":\"https:\/\/acuatherme.com\/#\/schema\/logo\/image\/\"},\"sameAs\":[\"https:\/\/www.instagram.com\/acuatherme\/\",\"https:\/\/www.tiktok.com\/@acuatherme\"]}]}<\/script>\n<!-- \/ Yoast SEO plugin. -->","yoast_head_json":{"title":"Mi cuenta - Acuatherme","robots":{"index":"index","follow":"follow","max-snippet":"max-snippet:-1","max-image-preview":"max-image-preview:large","max-video-preview":"max-video-preview:-1"},"canonical":"https:\/\/acuatherme.com\/en\/mi-cuenta\/","og_locale":"en_GB","og_type":"article","og_title":"Mi cuenta - Acuatherme","og_description":"Mi cuenta Dashboard Orders Downloads Addresses M\u00e9todos de pago Account Details Logout Hola admin (\u00bfno eres admin? Cerrar sesi\u00f3n) Desde el escritorio de tu cuenta puedes ver tus pedidos recientes, gestionar tus direcciones de env\u00edo y facturaci\u00f3n y editar tu contrase\u00f1a y los detalles de tu cuenta.","og_url":"https:\/\/acuatherme.com\/en\/mi-cuenta\/","og_site_name":"Acuatherme","article_modified_time":"2025-02-04T22:56:08+00:00","twitter_card":"summary_large_image","schema":{"@context":"https:\/\/schema.org","@graph":[{"@type":"WebPage","@id":"https:\/\/acuatherme.com\/mi-cuenta\/","url":"https:\/\/acuatherme.com\/mi-cuenta\/","name":"Mi cuenta - Acuatherme","isPartOf":{"@id":"https:\/\/acuatherme.com\/#website"},"datePublished":"2025-01-25T12:01:10+00:00","dateModified":"2025-02-04T22:56:08+00:00","breadcrumb":{"@id":"https:\/\/acuatherme.com\/mi-cuenta\/#breadcrumb"},"inLanguage":"en-GB","potentialAction":[{"@type":"ReadAction","target":["https:\/\/acuatherme.com\/mi-cuenta\/"]}]},{"@type":"BreadcrumbList","@id":"https:\/\/acuatherme.com\/mi-cuenta\/#breadcrumb","itemListElement":[{"@type":"ListItem","position":1,"name":"Portada","item":"https:\/\/acuatherme.com\/"},{"@type":"ListItem","position":2,"name":"Mi cuenta"}]},{"@type":"WebSite","@id":"https:\/\/acuatherme.com\/#website","url":"https:\/\/acuatherme.com\/","name":"Acuatherme","description":"Tu Bienestar, donde quieras, cuando quieras","publisher":{"@id":"https:\/\/acuatherme.com\/#organization"},"potentialAction":[{"@type":"SearchAction","target":{"@type":"EntryPoint","urlTemplate":"https:\/\/acuatherme.com\/?s={search_term_string}"},"query-input":{"@type":"PropertyValueSpecification","valueRequired":true,"valueName":"search_term_string"}}],"inLanguage":"en-GB"},{"@type":"Organization","@id":"https:\/\/acuatherme.com\/#organization","name":"Acuatherme","url":"https:\/\/acuatherme.com\/","logo":{"@type":"ImageObject","inLanguage":"en-GB","@id":"https:\/\/acuatherme.com\/#\/schema\/logo\/image\/","url":"https:\/\/acuatherme.com\/wp-content\/uploads\/2025\/01\/Screenshot_2024-03-14_195113__1_-removebg-preview-2.png","contentUrl":"https:\/\/acuatherme.com\/wp-content\/uploads\/2025\/01\/Screenshot_2024-03-14_195113__1_-removebg-preview-2.png","width":627,"height":124,"caption":"Acuatherme"},"image":{"@id":"https:\/\/acuatherme.com\/#\/schema\/logo\/image\/"},"sameAs":["https:\/\/www.instagram.com\/acuatherme\/","https:\/\/www.tiktok.com\/@acuatherme"]}]}},"_links":{"self":[{"href":"https:\/\/acuatherme.com\/en\/wp-json\/wp\/v2\/pages\/15","targetHints":{"allow":["GET"]}}],"collection":[{"href":"https:\/\/acuatherme.com\/en\/wp-json\/wp\/v2\/pages"}],"about":[{"href":"https:\/\/acuatherme.com\/en\/wp-json\/wp\/v2\/types\/page"}],"author":[{"embeddable":true,"href":"https:\/\/acuatherme.com\/en\/wp-json\/wp\/v2\/users\/1"}],"replies":[{"embeddable":true,"href":"https:\/\/acuatherme.com\/en\/wp-json\/wp\/v2\/comments?post=15"}],"version-history":[{"count":0,"href":"https:\/\/acuatherme.com\/en\/wp-json\/wp\/v2\/pages\/15\/revisions"}],"wp:attachment":[{"href":"https:\/\/acuatherme.com\/en\/wp-json\/wp\/v2\/media?parent=15"}],"curies":[{"name":"wp","href":"https:\/\/api.w.org\/{rel}","templated":true}]}}